{"id":8142,"date":"2022-06-09T11:11:39","date_gmt":"2022-06-09T11:11:39","guid":{"rendered":"https:\/\/www.mbpapers.com\/product\/laminate-industry"},"modified":"2023-03-13T08:23:01","modified_gmt":"2023-03-13T08:23:01","slug":"laminate-industry","status":"publish","type":"product","link":"https:\/\/www.mbpapers.com\/en\/product\/laminate-industry","title":{"rendered":"Laminate Industry"},"content":{"rendered":"\t\t<div data-elementor-type=\"wp-post\" data-elementor-id=\"8142\" class=\"elementor elementor-8142 elementor-6142\">\n\t\t\t\t\t\t<section class=\"elementor-section elementor-top-section elementor-element elementor-element-7cfe6000 elementor-section-boxed elementor-section-height-default elementor-section-height-default\" data-id=\"7cfe6000\" data-element_type=\"section\">\n\t\t\t\t\t\t<div class=\"elementor-container elementor-column-gap-wider\">\n\t\t\t\t\t<div class=\"elementor-column elementor-col-50 elementor-top-column elementor-element elementor-element-446c515c\" data-id=\"446c515c\" data-element_type=\"column\">\n\t\t\t<div class=\"elementor-widget-wrap elementor-element-populated\">\n\t\t\t\t\t\t<div class=\"elementor-element elementor-element-886f936 elementor-widget elementor-widget-heading\" data-id=\"886f936\" data-element_type=\"widget\" data-widget_type=\"heading.default\">\n\t\t\t\t<div class=\"elementor-widget-container\">\n\t\t\t\t\t<h1 class=\"elementor-heading-title elementor-size-default\">Overlay<\/h1>\t\t\t\t<\/div>\n\t\t\t\t<\/div>\n\t\t\t\t<div class=\"elementor-element elementor-element-cce50d5 elementor-widget elementor-widget-heading\" data-id=\"cce50d5\" data-element_type=\"widget\" data-widget_type=\"heading.default\">\n\t\t\t\t<div class=\"elementor-widget-container\">\n\t\t\t\t\t<h2 class=\"elementor-heading-title elementor-size-default\">Decorative laminate solutions<\/h2>\t\t\t\t<\/div>\n\t\t\t\t<\/div>\n\t\t\t\t<div class=\"elementor-element elementor-element-b651d1e elementor-widget elementor-widget-text-editor\" data-id=\"b651d1e\" data-element_type=\"widget\" data-widget_type=\"text-editor.default\">\n\t\t\t\t<div class=\"elementor-widget-container\">\n\t\t\t\t\t\t\t\t\t<p class=\"none\">Overlay papers, from 18 g\/m<sup>2<\/sup> till 45 g\/m<sup>2<\/sup>, are used as a protective layer in flooring, kitchen countertops and decor panels (HPL and LPL). Made with 100% pure and clean bleached cellulose pulp, Overlay Papers are engineered to be strong and very absorbent to withstand different levels of wear abrasion. Our papers form a film for the embedded melamine resin in the fiber structure. This enhances the appearance of printed decor papers while improving the abrasive resistance and durability.<\/p><p>\u00a0<\/p><p><strong>Properties:<\/strong><\/p><ul><li>Consistent quality<\/li><li>Excellent wet strength for good runnability during impregnation<\/li><li>Controlled porosity and absorbency, and quick resin penetration<\/li><li>Uniform sheet formation with excellent clarity<\/li><\/ul>\t\t\t\t\t\t\t\t<\/div>\n\t\t\t\t<\/div>\n\t\t\t\t\t<\/div>\n\t\t<\/div>\n\t\t\t\t<div class=\"elementor-column elementor-col-50 elementor-top-column elementor-element elementor-element-25a443f2\" data-id=\"25a443f2\" data-element_type=\"column\">\n\t\t\t<div class=\"elementor-widget-wrap elementor-element-populated\">\n\t\t\t\t\t\t<div class=\"elementor-element elementor-element-4ea18067 elementor-widget elementor-widget-image\" data-id=\"4ea18067\" data-element_type=\"widget\" data-widget_type=\"image.default\">\n\t\t\t\t<div class=\"elementor-widget-container\">\n\t\t\t\t\t\t\t\t\t\t\t\t\t\t\t<img fetchpriority=\"high\" decoding=\"async\" width=\"699\" height=\"465\" src=\"https:\/\/www.mbpapers.com\/wp-content\/uploads\/2022\/06\/hpl-web-ok1-1.png\" class=\"attachment-full size-full wp-image-7504\" alt=\"\" srcset=\"https:\/\/www.mbpapers.com\/wp-content\/uploads\/2022\/06\/hpl-web-ok1-1.png 699w, https:\/\/www.mbpapers.com\/wp-content\/uploads\/2022\/06\/hpl-web-ok1-1-300x200.png 300w, https:\/\/www.mbpapers.com\/wp-content\/uploads\/2022\/06\/hpl-web-ok1-1-150x100.png 150w\" sizes=\"100vw\" \/>\t\t\t\t\t\t\t\t\t\t\t\t\t\t\t<\/div>\n\t\t\t\t<\/div>\n\t\t\t\t\t<\/div>\n\t\t<\/div>\n\t\t\t\t\t<\/div>\n\t\t<\/section>\n\t\t\t\t<section class=\"elementor-section elementor-top-section elementor-element elementor-element-dbf0c5c elementor-section-boxed elementor-section-height-default elementor-section-height-default\" data-id=\"dbf0c5c\" data-element_type=\"section\">\n\t\t\t\t\t\t<div class=\"elementor-container elementor-column-gap-default\">\n\t\t\t\t\t<div class=\"elementor-column elementor-col-33 elementor-top-column elementor-element elementor-element-cd28458\" data-id=\"cd28458\" data-element_type=\"column\">\n\t\t\t<div class=\"elementor-widget-wrap elementor-element-populated\">\n\t\t\t\t\t\t<div class=\"elementor-element elementor-element-0bb2b69 elementor-widget elementor-widget-heading\" data-id=\"0bb2b69\" data-element_type=\"widget\" data-widget_type=\"heading.default\">\n\t\t\t\t<div class=\"elementor-widget-container\">\n\t\t\t\t\t<h2 class=\"elementor-heading-title elementor-size-default\">Our Overlay Paper Qualities:<\/h2>\t\t\t\t<\/div>\n\t\t\t\t<\/div>\n\t\t\t\t\t<\/div>\n\t\t<\/div>\n\t\t\t\t<div class=\"elementor-column elementor-col-33 elementor-top-column elementor-element elementor-element-8ccb293\" data-id=\"8ccb293\" data-element_type=\"column\">\n\t\t\t<div class=\"elementor-widget-wrap\">\n\t\t\t\t\t\t\t<\/div>\n\t\t<\/div>\n\t\t\t\t<div class=\"elementor-column elementor-col-33 elementor-top-column elementor-element elementor-element-5fbcaf4\" data-id=\"5fbcaf4\" data-element_type=\"column\">\n\t\t\t<div class=\"elementor-widget-wrap\">\n\t\t\t\t\t\t\t<\/div>\n\t\t<\/div>\n\t\t\t\t\t<\/div>\n\t\t<\/section>\n\t\t\t\t<section class=\"elementor-section elementor-top-section elementor-element elementor-element-6342b9f elementor-section-boxed elementor-section-height-default elementor-section-height-default\" data-id=\"6342b9f\" data-element_type=\"section\">\n\t\t\t\t\t\t<div class=\"elementor-container elementor-column-gap-default\">\n\t\t\t\t\t<div class=\"elementor-column elementor-col-100 elementor-top-column elementor-element elementor-element-e59de03\" data-id=\"e59de03\" data-element_type=\"column\">\n\t\t\t<div class=\"elementor-widget-wrap elementor-element-populated\">\n\t\t\t\t\t\t<div class=\"elementor-element elementor-element-02b9669 elementor-tabs-view-horizontal elementor-widget elementor-widget-tabs\" data-id=\"02b9669\" data-element_type=\"widget\" data-widget_type=\"tabs.default\">\n\t\t\t\t<div class=\"elementor-widget-container\">\n\t\t\t\t\t\t\t<div class=\"elementor-tabs\">\n\t\t\t<div class=\"elementor-tabs-wrapper\" role=\"tablist\" >\n\t\t\t\t\t\t\t\t\t<div id=\"elementor-tab-title-2851\" class=\"elementor-tab-title elementor-tab-desktop-title\" aria-selected=\"true\" data-tab=\"1\" role=\"tab\" tabindex=\"0\" aria-controls=\"elementor-tab-content-2851\" aria-expanded=\"false\">STANDARD (STD)<\/div>\n\t\t\t\t\t\t\t\t\t<div id=\"elementor-tab-title-2852\" class=\"elementor-tab-title elementor-tab-desktop-title\" aria-selected=\"false\" data-tab=\"2\" role=\"tab\" tabindex=\"-1\" aria-controls=\"elementor-tab-content-2852\" aria-expanded=\"false\">HIGH ABSORPTION (HA TP)<\/div>\n\t\t\t\t\t\t\t\t\t<div id=\"elementor-tab-title-2853\" class=\"elementor-tab-title elementor-tab-desktop-title\" aria-selected=\"false\" data-tab=\"3\" role=\"tab\" tabindex=\"-1\" aria-controls=\"elementor-tab-content-2853\" aria-expanded=\"false\">CORUNDUM (C)<\/div>\n\t\t\t\t\t\t\t\t\t<div id=\"elementor-tab-title-2854\" class=\"elementor-tab-title elementor-tab-desktop-title\" aria-selected=\"false\" data-tab=\"4\" role=\"tab\" tabindex=\"-1\" aria-controls=\"elementor-tab-content-2854\" aria-expanded=\"false\">PRINTABLE (P)<\/div>\n\t\t\t\t\t\t\t<\/div>\n\t\t\t<div class=\"elementor-tabs-content-wrapper\" role=\"tablist\" aria-orientation=\"vertical\">\n\t\t\t\t\t\t\t\t\t<div class=\"elementor-tab-title elementor-tab-mobile-title\" aria-selected=\"true\" data-tab=\"1\" role=\"tab\" tabindex=\"0\" aria-controls=\"elementor-tab-content-2851\" aria-expanded=\"false\">STANDARD (STD)<\/div>\n\t\t\t\t\t<div id=\"elementor-tab-content-2851\" class=\"elementor-tab-content elementor-clearfix\" data-tab=\"1\" role=\"tabpanel\" aria-labelledby=\"elementor-tab-title-2851\" tabindex=\"0\" hidden=\"false\"><table style=\"border-collapse: collapse; width: 99.3635%; height: 203px;\"><tbody><tr><td style=\"width: 65.0426%;\"><h2>STANDARD (STD)<\/h2><p>\u00a0<\/p><p>This product is made for laminate flooring (LPL) or HPL applications<\/p><p>as panel worktops.<\/p><p>\u00a0<\/p><p><strong>Keys:<\/strong><\/p><ul><li>Excellent transparency<\/li><li>Optimal absorbency<\/li><li>Homogeneous sheet formation<\/li><\/ul><p><strong>Applications:<\/strong><\/p><ul><li>Panel worktops<\/li><li>Laminating flooring<\/li><\/ul><p><strong>Range of weights:<\/strong><\/p><ul><li>From 18 g\/m\u00b2 to 40 g\/m\u00b2<\/li><\/ul><p>\u00a0<\/p><p>\u00a0<\/p><\/td><td style=\"width: 45.8834%;\"><p><img decoding=\"async\" class=\"alignnone wp-image-7554 size-medium\" src=\"https:\/\/www.mbpapers.com\/wp-content\/uploads\/2022\/11\/calidad_overlay-300x426.jpg\" alt=\"\" width=\"300\" height=\"426\" srcset=\"https:\/\/www.mbpapers.com\/wp-content\/uploads\/2022\/11\/calidad_overlay-300x426.jpg 300w, https:\/\/www.mbpapers.com\/wp-content\/uploads\/2022\/11\/calidad_overlay-150x213.jpg 150w, https:\/\/www.mbpapers.com\/wp-content\/uploads\/2022\/11\/calidad_overlay.jpg 313w\" sizes=\"(max-width: 300px) 100vw, 300px\" \/><\/p><\/td><\/tr><\/tbody><\/table><\/div>\n\t\t\t\t\t\t\t\t\t<div class=\"elementor-tab-title elementor-tab-mobile-title\" aria-selected=\"false\" data-tab=\"2\" role=\"tab\" tabindex=\"-1\" aria-controls=\"elementor-tab-content-2852\" aria-expanded=\"false\">HIGH ABSORPTION (HA TP)<\/div>\n\t\t\t\t\t<div id=\"elementor-tab-content-2852\" class=\"elementor-tab-content elementor-clearfix\" data-tab=\"2\" role=\"tabpanel\" aria-labelledby=\"elementor-tab-title-2852\" tabindex=\"0\" hidden=\"hidden\"><table style=\"border-collapse: collapse; width: 99.3635%; height: 203px;\"><tbody><tr><td style=\"width: 65.0426%;\"><h2>HIGH ABSORPTION (HA TP)<\/h2><p>\u00a0<\/p><p>Specially for HPL application that needs really a high final transparency.<\/p><p>\u00a0<\/p><p><strong>Keys:<\/strong><\/p><ul><li>Excellent transparency<\/li><li>Homogeneous porosity and sheet formation<\/li><li>Fast resin penetrability<\/li><li>High transparency after pressing<\/li><\/ul><p><strong>Applications:<\/strong><\/p><ul><li>Panel worktops<\/li><\/ul><p><strong>Range of weights:<\/strong><\/p><ul><li>From 18 g\/m\u00b2 to 28 g\/m\u00b2<\/li><\/ul><p>\u00a0<\/p><p>\u00a0<\/p><p>\u00a0<\/p><\/td><td style=\"width: 45.8834%;\"><p><img decoding=\"async\" class=\"alignnone wp-image-7564 size-medium\" src=\"https:\/\/www.mbpapers.com\/wp-content\/uploads\/2022\/11\/calidad_highAbsortion-300x426.jpg\" alt=\"\" width=\"300\" height=\"426\" srcset=\"https:\/\/www.mbpapers.com\/wp-content\/uploads\/2022\/11\/calidad_highAbsortion-300x426.jpg 300w, https:\/\/www.mbpapers.com\/wp-content\/uploads\/2022\/11\/calidad_highAbsortion-150x213.jpg 150w, https:\/\/www.mbpapers.com\/wp-content\/uploads\/2022\/11\/calidad_highAbsortion.jpg 313w\" sizes=\"(max-width: 300px) 100vw, 300px\" \/><\/p><\/td><\/tr><\/tbody><\/table><\/div>\n\t\t\t\t\t\t\t\t\t<div class=\"elementor-tab-title elementor-tab-mobile-title\" aria-selected=\"false\" data-tab=\"3\" role=\"tab\" tabindex=\"-1\" aria-controls=\"elementor-tab-content-2853\" aria-expanded=\"false\">CORUNDUM (C)<\/div>\n\t\t\t\t\t<div id=\"elementor-tab-content-2853\" class=\"elementor-tab-content elementor-clearfix\" data-tab=\"3\" role=\"tabpanel\" aria-labelledby=\"elementor-tab-title-2853\" tabindex=\"0\" hidden=\"hidden\"><table style=\"border-collapse: collapse; width: 99.3635%; height: 203px;\"><tbody><tr><td style=\"width: 65.0426%;\"><h2>CORUNDUM (C)<\/h2><p>\u00a0<\/p><p>It is an slightly corundum containing overlay paper quality<\/p><p>specially for HPL application.<\/p><p>\u00a0<\/p><p><strong>Keys:<\/strong><\/p><ul><li>Excellent transparency<\/li><li>Homogeneous porosity and sheet formation<\/li><li>Fast resin penetrability<\/li><li>High transparency after pressing<\/li><li>Good values on Taber Wear Resistant Test (EN 438-2:2002 ; NEMA LD 3-2005)<\/li><\/ul><p><strong>Applications:<\/strong><\/p><ul><li>Panel worktops<\/li><\/ul><p><strong>Range of weights:<\/strong><\/p><ul><li>From 20 g\/m\u00b2 to 27 g\/m\u00b2<\/li><li>Percentage of corundum: from 1,7% to 6%<\/li><\/ul><\/td><td style=\"width: 45.8834%;\"><p><img loading=\"lazy\" decoding=\"async\" class=\"alignnone wp-image-7570 size-medium\" src=\"https:\/\/www.mbpapers.com\/wp-content\/uploads\/2022\/11\/calidad_corundum-300x426.jpg\" alt=\"\" width=\"300\" height=\"426\" srcset=\"https:\/\/www.mbpapers.com\/wp-content\/uploads\/2022\/11\/calidad_corundum-300x426.jpg 300w, https:\/\/www.mbpapers.com\/wp-content\/uploads\/2022\/11\/calidad_corundum-150x213.jpg 150w, https:\/\/www.mbpapers.com\/wp-content\/uploads\/2022\/11\/calidad_corundum.jpg 313w\" sizes=\"(max-width: 300px) 100vw, 300px\" \/><\/p><\/td><\/tr><\/tbody><\/table><\/div>\n\t\t\t\t\t\t\t\t\t<div class=\"elementor-tab-title elementor-tab-mobile-title\" aria-selected=\"false\" data-tab=\"4\" role=\"tab\" tabindex=\"-1\" aria-controls=\"elementor-tab-content-2854\" aria-expanded=\"false\">PRINTABLE (P)<\/div>\n\t\t\t\t\t<div id=\"elementor-tab-content-2854\" class=\"elementor-tab-content elementor-clearfix\" data-tab=\"4\" role=\"tabpanel\" aria-labelledby=\"elementor-tab-title-2854\" tabindex=\"0\" hidden=\"hidden\"><table style=\"border-collapse: collapse; width: 99.3635%; height: 203px;\"><tbody><tr><td style=\"width: 65.0426%;\"><h2>PRINTABLE (P)<\/h2><p>\u00a0<\/p><p>Printable grades are produced in 35 and 45 g\/m\u00b2 with a mix of virgin<\/p><p>softwood and hardwood pulp.<\/p><p>\u00a0<\/p><p><strong>Keys:<\/strong><\/p><ul><li>Specially designed for printing<\/li><li>High smoothness sides<\/li><li>Homogeneous sheet formation<\/li><li>Suitable printing tecnologies: Offset, Rotogravure, Inkjet, Serigraphy, Digital<\/li><\/ul><p><strong>Applications:<\/strong><\/p><ul><li>Custom Laminates<\/li><li>Melamine Crockery<\/li><li>Trays<\/li><\/ul><p><strong>Range of weights:<\/strong><\/p><ul><li>From 35 g\/m\u00b2 to 45 g\/m\u00b2<\/li><\/ul><\/td><td style=\"width: 45.8834%;\"><p><img loading=\"lazy\" decoding=\"async\" class=\"alignnone wp-image-7576 size-medium\" src=\"https:\/\/www.mbpapers.com\/wp-content\/uploads\/2022\/11\/calidad_printable-300x426.jpg\" alt=\"\" width=\"300\" height=\"426\" srcset=\"https:\/\/www.mbpapers.com\/wp-content\/uploads\/2022\/11\/calidad_printable-300x426.jpg 300w, https:\/\/www.mbpapers.com\/wp-content\/uploads\/2022\/11\/calidad_printable-150x213.jpg 150w, https:\/\/www.mbpapers.com\/wp-content\/uploads\/2022\/11\/calidad_printable.jpg 313w\" sizes=\"(max-width: 300px) 100vw, 300px\" \/><\/p><\/td><\/tr><\/tbody><\/table><\/div>\n\t\t\t\t\t\t\t<\/div>\n\t\t<\/div>\n\t\t\t\t\t\t<\/div>\n\t\t\t\t<\/div>\n\t\t\t\t\t<\/div>\n\t\t<\/div>\n\t\t\t\t\t<\/div>\n\t\t<\/section>\n\t\t\t\t<\/div>\n\t\t","protected":false},"excerpt":{"rendered":"<p>El mejor papel, que permita liberar el sabor y el aroma de la mayor\u00eda de t\u00e9s, comunes y ex\u00f3ticos, pero que retenga todas las part\u00edculas de t\u00e9 dentro de la bolsa.<\/p>\n","protected":false},"featured_media":7505,"template":"","product_cat":[93],"class_list":["post-8142","product","type-product","status-publish","has-post-thumbnail","hentry","product_cat-food-and-beverages"],"acf":[],"_links":{"self":[{"href":"https:\/\/www.mbpapers.com\/en\/wp-json\/wp\/v2\/product\/8142","targetHints":{"allow":["GET"]}}],"collection":[{"href":"https:\/\/www.mbpapers.com\/en\/wp-json\/wp\/v2\/product"}],"about":[{"href":"https:\/\/www.mbpapers.com\/en\/wp-json\/wp\/v2\/types\/product"}],"version-history":[{"count":12,"href":"https:\/\/www.mbpapers.com\/en\/wp-json\/wp\/v2\/product\/8142\/revisions"}],"predecessor-version":[{"id":8202,"href":"https:\/\/www.mbpapers.com\/en\/wp-json\/wp\/v2\/product\/8142\/revisions\/8202"}],"wp:featuredmedia":[{"embeddable":true,"href":"https:\/\/www.mbpapers.com\/en\/wp-json\/wp\/v2\/media\/7505"}],"wp:attachment":[{"href":"https:\/\/www.mbpapers.com\/en\/wp-json\/wp\/v2\/media?parent=8142"}],"wp:term":[{"taxonomy":"product_cat","embeddable":true,"href":"https:\/\/www.mbpapers.com\/en\/wp-json\/wp\/v2\/product_cat?post=8142"}],"curies":[{"name":"wp","href":"https:\/\/api.w.org\/{rel}","templated":true}]}}