{"id":8165,"date":"2022-11-17T09:00:42","date_gmt":"2022-11-17T09:00:42","guid":{"rendered":"https:\/\/www.mbpapers.com\/product\/vacuum-filter-papers"},"modified":"2023-03-13T08:26:02","modified_gmt":"2023-03-13T08:26:02","slug":"vacuum-filter-papers","status":"publish","type":"product","link":"https:\/\/www.mbpapers.com\/en\/product\/vacuum-filter-papers","title":{"rendered":"Vacuum Filter Papers"},"content":{"rendered":"\t\t<div data-elementor-type=\"wp-post\" data-elementor-id=\"8165\" class=\"elementor elementor-8165 elementor-7639\">\n\t\t\t\t\t\t<section class=\"elementor-section elementor-top-section elementor-element elementor-element-7cfe6000 elementor-section-boxed elementor-section-height-default elementor-section-height-default\" data-id=\"7cfe6000\" data-element_type=\"section\">\n\t\t\t\t\t\t<div class=\"elementor-container elementor-column-gap-wider\">\n\t\t\t\t\t<div class=\"elementor-column elementor-col-100 elementor-top-column elementor-element elementor-element-446c515c\" data-id=\"446c515c\" data-element_type=\"column\">\n\t\t\t<div class=\"elementor-widget-wrap elementor-element-populated\">\n\t\t\t\t\t\t<div class=\"elementor-element elementor-element-886f936 elementor-widget elementor-widget-heading\" data-id=\"886f936\" data-element_type=\"widget\" data-widget_type=\"heading.default\">\n\t\t\t\t<div class=\"elementor-widget-container\">\n\t\t\t\t\t<h1 class=\"elementor-heading-title elementor-size-default\">Vacfilt<\/h1>\t\t\t\t<\/div>\n\t\t\t\t<\/div>\n\t\t\t\t<div class=\"elementor-element elementor-element-cce50d5 elementor-widget elementor-widget-heading\" data-id=\"cce50d5\" data-element_type=\"widget\" data-widget_type=\"heading.default\">\n\t\t\t\t<div class=\"elementor-widget-container\">\n\t\t\t\t\t<h2 class=\"elementor-heading-title elementor-size-default\">Vacuum Filter Papers<\/h2>\t\t\t\t<\/div>\n\t\t\t\t<\/div>\n\t\t\t\t<div class=\"elementor-element elementor-element-b651d1e elementor-widget elementor-widget-text-editor\" data-id=\"b651d1e\" data-element_type=\"widget\" data-widget_type=\"text-editor.default\">\n\t\t\t\t<div class=\"elementor-widget-container\">\n\t\t\t\t\t\t\t\t\t<p class=\"none\">With a long development course in this market, today <strong>MB Papeles especiales, S.A<\/strong> is one of the most important manufacturers of vacuum cleaner filter papers worldwide. The company sells to more than 30 countries and nearly 50 different types of qualities are on offer:<\/p><p>\u00a0<\/p><ul><li>Outer and inner layer paper qualities<\/li><li>Substances of 13 to 60 g\/m<sup>2<\/sup>, and air permeability grades between 50 and 1500 l\/s m\u00b2<\/li><li>Available colours: white, unbleached, yellow, green and blue.<\/li><\/ul><p class=\"none\">All of these can be treated for anti bacteria, anti mite and anti fungus treatments.<\/p>\t\t\t\t\t\t\t\t<\/div>\n\t\t\t\t<\/div>\n\t\t\t\t\t<\/div>\n\t\t<\/div>\n\t\t\t\t\t<\/div>\n\t\t<\/section>\n\t\t\t\t<section class=\"elementor-section elementor-top-section elementor-element elementor-element-517702a elementor-section-boxed elementor-section-height-default elementor-section-height-default\" data-id=\"517702a\" data-element_type=\"section\">\n\t\t\t\t\t\t<div class=\"elementor-container elementor-column-gap-default\">\n\t\t\t\t\t<div class=\"elementor-column elementor-col-50 elementor-top-column elementor-element elementor-element-b897ec7\" data-id=\"b897ec7\" data-element_type=\"column\">\n\t\t\t<div class=\"elementor-widget-wrap elementor-element-populated\">\n\t\t\t\t\t\t<div class=\"elementor-element elementor-element-bf5d4d9 elementor-widget elementor-widget-image\" data-id=\"bf5d4d9\" data-element_type=\"widget\" data-widget_type=\"image.default\">\n\t\t\t\t<div class=\"elementor-widget-container\">\n\t\t\t\t\t\t\t\t\t\t\t\t\t\t\t<img decoding=\"async\" width=\"208\" height=\"208\" src=\"https:\/\/www.mbpapers.com\/wp-content\/uploads\/2022\/11\/antibacterial-vacfilt-new-logo.jpg\" class=\"attachment-large size-large wp-image-7643\" alt=\"\" srcset=\"https:\/\/www.mbpapers.com\/wp-content\/uploads\/2022\/11\/antibacterial-vacfilt-new-logo.jpg 208w, https:\/\/www.mbpapers.com\/wp-content\/uploads\/2022\/11\/antibacterial-vacfilt-new-logo-150x150.jpg 150w, https:\/\/www.mbpapers.com\/wp-content\/uploads\/2022\/11\/antibacterial-vacfilt-new-logo-100x100.jpg 100w\" sizes=\"100vw\" \/>\t\t\t\t\t\t\t\t\t\t\t\t\t\t\t<\/div>\n\t\t\t\t<\/div>\n\t\t\t\t<div class=\"elementor-element elementor-element-0305211 elementor-widget elementor-widget-text-editor\" data-id=\"0305211\" data-element_type=\"widget\" data-widget_type=\"text-editor.default\">\n\t\t\t\t<div class=\"elementor-widget-container\">\n\t\t\t\t\t\t\t\t\t<h2>Antibacterial Vacfilt<\/h2><p>\u00a0<\/p><p>This filter provide a reliable fungi and bacteriostatic effect against a wide spectrum of germs and Dust Mites.<\/p>\t\t\t\t\t\t\t\t<\/div>\n\t\t\t\t<\/div>\n\t\t\t\t\t<\/div>\n\t\t<\/div>\n\t\t\t\t<div class=\"elementor-column elementor-col-50 elementor-top-column elementor-element elementor-element-6fd7cfe\" data-id=\"6fd7cfe\" data-element_type=\"column\">\n\t\t\t<div class=\"elementor-widget-wrap elementor-element-populated\">\n\t\t\t\t\t\t<div class=\"elementor-element elementor-element-28713a1 elementor-widget elementor-widget-image\" data-id=\"28713a1\" data-element_type=\"widget\" data-widget_type=\"image.default\">\n\t\t\t\t<div class=\"elementor-widget-container\">\n\t\t\t\t\t\t\t\t\t\t\t\t\t\t\t<img decoding=\"async\" width=\"208\" height=\"208\" src=\"https:\/\/www.mbpapers.com\/wp-content\/uploads\/2022\/11\/vacuum_filter_papers-mb.jpg\" class=\"attachment-large size-large wp-image-7649\" alt=\"\" srcset=\"https:\/\/www.mbpapers.com\/wp-content\/uploads\/2022\/11\/vacuum_filter_papers-mb.jpg 208w, https:\/\/www.mbpapers.com\/wp-content\/uploads\/2022\/11\/vacuum_filter_papers-mb-150x150.jpg 150w, https:\/\/www.mbpapers.com\/wp-content\/uploads\/2022\/11\/vacuum_filter_papers-mb-100x100.jpg 100w\" sizes=\"100vw\" \/>\t\t\t\t\t\t\t\t\t\t\t\t\t\t\t<\/div>\n\t\t\t\t<\/div>\n\t\t\t\t<div class=\"elementor-element elementor-element-57e87e9 elementor-widget elementor-widget-text-editor\" data-id=\"57e87e9\" data-element_type=\"widget\" data-widget_type=\"text-editor.default\">\n\t\t\t\t<div class=\"elementor-widget-container\">\n\t\t\t\t\t\t\t\t\t<h2>Vacfilt<\/h2><p>\u00a0<\/p><p>Vacfilt Filtration properties are characterized by high values of Dust Retention and low values of differential pressure to assure a long life vacuum bag during standar vacuum machine function.<\/p>\t\t\t\t\t\t\t\t<\/div>\n\t\t\t\t<\/div>\n\t\t\t\t\t<\/div>\n\t\t<\/div>\n\t\t\t\t\t<\/div>\n\t\t<\/section>\n\t\t\t\t<section class=\"elementor-section elementor-top-section elementor-element elementor-element-b81368e elementor-section-boxed elementor-section-height-default elementor-section-height-default\" data-id=\"b81368e\" data-element_type=\"section\">\n\t\t\t\t\t\t<div class=\"elementor-container elementor-column-gap-default\">\n\t\t\t\t\t<div class=\"elementor-column elementor-col-33 elementor-top-column elementor-element elementor-element-90e3b64\" data-id=\"90e3b64\" data-element_type=\"column\">\n\t\t\t<div class=\"elementor-widget-wrap elementor-element-populated\">\n\t\t\t\t\t\t<div class=\"elementor-element elementor-element-c87dfdc elementor-widget elementor-widget-heading\" data-id=\"c87dfdc\" data-element_type=\"widget\" data-widget_type=\"heading.default\">\n\t\t\t\t<div class=\"elementor-widget-container\">\n\t\t\t\t\t<h2 class=\"elementor-heading-title elementor-size-default\">Our Grades:<\/h2>\t\t\t\t<\/div>\n\t\t\t\t<\/div>\n\t\t\t\t\t<\/div>\n\t\t<\/div>\n\t\t\t\t<div class=\"elementor-column elementor-col-33 elementor-top-column elementor-element elementor-element-eaeb1e1\" data-id=\"eaeb1e1\" data-element_type=\"column\">\n\t\t\t<div class=\"elementor-widget-wrap\">\n\t\t\t\t\t\t\t<\/div>\n\t\t<\/div>\n\t\t\t\t<div class=\"elementor-column elementor-col-33 elementor-top-column elementor-element elementor-element-9e8b9f7\" data-id=\"9e8b9f7\" data-element_type=\"column\">\n\t\t\t<div class=\"elementor-widget-wrap\">\n\t\t\t\t\t\t\t<\/div>\n\t\t<\/div>\n\t\t\t\t\t<\/div>\n\t\t<\/section>\n\t\t\t\t<section class=\"elementor-section elementor-top-section elementor-element elementor-element-6342b9f elementor-section-boxed elementor-section-height-default elementor-section-height-default\" data-id=\"6342b9f\" data-element_type=\"section\">\n\t\t\t\t\t\t<div class=\"elementor-container elementor-column-gap-default\">\n\t\t\t\t\t<div class=\"elementor-column elementor-col-100 elementor-top-column elementor-element elementor-element-e59de03\" data-id=\"e59de03\" data-element_type=\"column\">\n\t\t\t<div class=\"elementor-widget-wrap elementor-element-populated\">\n\t\t\t\t\t\t<div class=\"elementor-element elementor-element-02b9669 elementor-tabs-view-horizontal elementor-widget elementor-widget-tabs\" data-id=\"02b9669\" data-element_type=\"widget\" data-widget_type=\"tabs.default\">\n\t\t\t\t<div class=\"elementor-widget-container\">\n\t\t\t\t\t\t\t<div class=\"elementor-tabs\">\n\t\t\t<div class=\"elementor-tabs-wrapper\" role=\"tablist\" >\n\t\t\t\t\t\t\t\t\t<div id=\"elementor-tab-title-2851\" class=\"elementor-tab-title elementor-tab-desktop-title\" aria-selected=\"true\" data-tab=\"1\" role=\"tab\" tabindex=\"0\" aria-controls=\"elementor-tab-content-2851\" aria-expanded=\"false\">ANTIBACTERIAL VACFILT<\/div>\n\t\t\t\t\t\t\t\t\t<div id=\"elementor-tab-title-2852\" class=\"elementor-tab-title elementor-tab-desktop-title\" aria-selected=\"false\" data-tab=\"2\" role=\"tab\" tabindex=\"-1\" aria-controls=\"elementor-tab-content-2852\" aria-expanded=\"false\">VACFILT<\/div>\n\t\t\t\t\t\t\t<\/div>\n\t\t\t<div class=\"elementor-tabs-content-wrapper\" role=\"tablist\" aria-orientation=\"vertical\">\n\t\t\t\t\t\t\t\t\t<div class=\"elementor-tab-title elementor-tab-mobile-title\" aria-selected=\"true\" data-tab=\"1\" role=\"tab\" tabindex=\"0\" aria-controls=\"elementor-tab-content-2851\" aria-expanded=\"false\">ANTIBACTERIAL VACFILT<\/div>\n\t\t\t\t\t<div id=\"elementor-tab-content-2851\" class=\"elementor-tab-content elementor-clearfix\" data-tab=\"1\" role=\"tabpanel\" aria-labelledby=\"elementor-tab-title-2851\" tabindex=\"0\" hidden=\"false\"><table class=\" alignleft\" style=\"width: 100%; border-collapse: collapse;\"><tbody><tr><td style=\"width: 50%;\"><p><strong>Properties and Applications:<\/strong><\/p><ul><li><p>Antimicrobial chemical according to American law regulation (Environmental Protection Agency-EPA).<\/p><\/li><li><p>Good skin tolerance according to OECD 404 (irritation) and OECD 406 (sensitisation) test.<\/p><\/li><li><p>Antibacterial and antimycotic effect on paper is checked by means of Bacterial and Fungus resistance Swiss Test (SN 195920 and SN 195921).<\/p><\/li><li><p>Sanitized Test: Laboratory test show the difference between a treated and not treated sample. Treated sample and its peripherical zone are exempt of all germs and fungus.<\/p><\/li><\/ul><\/td><td style=\"width: 50%;\"><p style=\"padding-left: 80px;\"><strong>BT grades<\/strong><\/p><p style=\"padding-left: 80px;\">Antibacterial treatment (Sanitized Certificate)<\/p><p>\u00a0<\/p><p style=\"padding-left: 80px;\"><strong>OC grades<\/strong><\/p><p style=\"padding-left: 80px;\">Antiodour treatment (Sanitized Certificate)<\/p><p style=\"padding-left: 80px;\"><img decoding=\"async\" class=\"alignnone size-full wp-image-7655\" src=\"https:\/\/www.mbpapers.com\/wp-content\/uploads\/2022\/11\/sanitized-new-logo.jpg\" alt=\"\" width=\"150\" height=\"184\" \/><\/p><\/td><\/tr><\/tbody><\/table><\/div>\n\t\t\t\t\t\t\t\t\t<div class=\"elementor-tab-title elementor-tab-mobile-title\" aria-selected=\"false\" data-tab=\"2\" role=\"tab\" tabindex=\"-1\" aria-controls=\"elementor-tab-content-2852\" aria-expanded=\"false\">VACFILT<\/div>\n\t\t\t\t\t<div id=\"elementor-tab-content-2852\" class=\"elementor-tab-content elementor-clearfix\" data-tab=\"2\" role=\"tabpanel\" aria-labelledby=\"elementor-tab-title-2852\" tabindex=\"0\" hidden=\"hidden\"><p>Inner layers: (13-40 gr\/m\u00b2) &amp; (800-1000 L\/s\u00b2m\u00b2)<\/p><p>Outer layers: (45-60 gr\/m\u00b2) &amp; (180-340 L\/s\u00b2m\u00b2)<\/p><p>\u00a0<\/p><table style=\"border-collapse: collapse; width: 100%;\"><tbody><tr><td style=\"width: 50%;\"><p><strong>SL grades<\/strong><\/p><ul><li><p>High values of Dust Retention<\/p><\/li><li><p>Low values of differential pressure to assure<br \/>a long life vacuum bag<\/p><\/li><\/ul><p><strong>MR grades<\/strong><\/p><ul><li><p>High air permeability<\/p><\/li><li><p>High values of Dust Retention<\/p><\/li><\/ul><\/td><td style=\"width: 50%;\"><p><strong>LP grades<\/strong><\/p><ul><li><p>Low air permeability &amp; high resistance to abrasion<\/p><\/li><li><p>High values of Dust Retention<\/p><\/li><\/ul><p><strong>Special Treatments<\/strong><\/p><ul><li><p>Colored papers (Yellow, Green, Blue\u2026)<\/p><\/li><li><p>Flame retardant treatment (\u201cI\u201d grades)<\/p><\/li><\/ul><\/td><\/tr><\/tbody><\/table><\/div>\n\t\t\t\t\t\t\t<\/div>\n\t\t<\/div>\n\t\t\t\t\t\t<\/div>\n\t\t\t\t<\/div>\n\t\t\t\t\t<\/div>\n\t\t<\/div>\n\t\t\t\t\t<\/div>\n\t\t<\/section>\n\t\t\t\t<\/div>\n\t\t","protected":false},"excerpt":{"rendered":"<p>El mejor papel, que permita liberar el sabor y el aroma de la mayor\u00eda de t\u00e9s, comunes y ex\u00f3ticos, pero que retenga todas las part\u00edculas de t\u00e9 dentro de la bolsa.<\/p>\n","protected":false},"featured_media":7650,"template":"","product_cat":[93],"class_list":["post-8165","product","type-product","status-publish","has-post-thumbnail","hentry","product_cat-food-and-beverages"],"acf":[],"_links":{"self":[{"href":"https:\/\/www.mbpapers.com\/en\/wp-json\/wp\/v2\/product\/8165","targetHints":{"allow":["GET"]}}],"collection":[{"href":"https:\/\/www.mbpapers.com\/en\/wp-json\/wp\/v2\/product"}],"about":[{"href":"https:\/\/www.mbpapers.com\/en\/wp-json\/wp\/v2\/types\/product"}],"version-history":[{"count":9,"href":"https:\/\/www.mbpapers.com\/en\/wp-json\/wp\/v2\/product\/8165\/revisions"}],"predecessor-version":[{"id":8211,"href":"https:\/\/www.mbpapers.com\/en\/wp-json\/wp\/v2\/product\/8165\/revisions\/8211"}],"wp:featuredmedia":[{"embeddable":true,"href":"https:\/\/www.mbpapers.com\/en\/wp-json\/wp\/v2\/media\/7650"}],"wp:attachment":[{"href":"https:\/\/www.mbpapers.com\/en\/wp-json\/wp\/v2\/media?parent=8165"}],"wp:term":[{"taxonomy":"product_cat","embeddable":true,"href":"https:\/\/www.mbpapers.com\/en\/wp-json\/wp\/v2\/product_cat?post=8165"}],"curies":[{"name":"wp","href":"https:\/\/api.w.org\/{rel}","templated":true}]}}