{"id":8172,"date":"2022-11-17T09:30:37","date_gmt":"2022-11-17T09:30:37","guid":{"rendered":"https:\/\/www.mbpapers.com\/product\/tailor-made-products"},"modified":"2023-03-01T12:16:24","modified_gmt":"2023-03-01T12:16:24","slug":"tailor-made-products","status":"publish","type":"product","link":"https:\/\/www.mbpapers.com\/en\/product\/tailor-made-products","title":{"rendered":"Tailor Made Products"},"content":{"rendered":"\t\t<div data-elementor-type=\"wp-post\" data-elementor-id=\"8172\" class=\"elementor elementor-8172 elementor-7681\">\n\t\t\t\t\t\t<section class=\"elementor-section elementor-top-section elementor-element elementor-element-7cfe6000 elementor-section-boxed elementor-section-height-default elementor-section-height-default\" data-id=\"7cfe6000\" data-element_type=\"section\">\n\t\t\t\t\t\t<div class=\"elementor-container elementor-column-gap-wider\">\n\t\t\t\t\t<div class=\"elementor-column elementor-col-66 elementor-top-column elementor-element elementor-element-446c515c\" data-id=\"446c515c\" data-element_type=\"column\">\n\t\t\t<div class=\"elementor-widget-wrap elementor-element-populated\">\n\t\t\t\t\t\t<div class=\"elementor-element elementor-element-886f936 elementor-widget elementor-widget-heading\" data-id=\"886f936\" data-element_type=\"widget\" data-widget_type=\"heading.default\">\n\t\t\t\t<div class=\"elementor-widget-container\">\n\t\t\t\t\t<h1 class=\"elementor-heading-title elementor-size-default\">Tailor Made Products<\/h1>\t\t\t\t<\/div>\n\t\t\t\t<\/div>\n\t\t\t\t<div class=\"elementor-element elementor-element-b651d1e elementor-widget elementor-widget-text-editor\" data-id=\"b651d1e\" data-element_type=\"widget\" data-widget_type=\"text-editor.default\">\n\t\t\t\t<div class=\"elementor-widget-container\">\n\t\t\t\t\t\t\t\t\t<p><span class=\"ContentPasted0\">MB Papeles Especiales, S.A.<\/span> offers to their costumers the opportunity to create tailor-made products, providing solutions.<\/p><p>\u00a0<\/p><p><strong>Our projects are based on:<\/strong><\/p><ul><li>Working closely with clients:<ul><li>Support with technical services<\/li><li>Tailor-made products<\/li><\/ul><\/li><li>In-depth understanding of customer needs.<\/li><li>Providing solutions that add value to customers business.<\/li><li>Research shows that the best sources of growth start with new customer insights.<\/li><\/ul>\t\t\t\t\t\t\t\t<\/div>\n\t\t\t\t<\/div>\n\t\t\t\t\t<\/div>\n\t\t<\/div>\n\t\t\t\t<div class=\"elementor-column elementor-col-33 elementor-top-column elementor-element elementor-element-25a443f2\" data-id=\"25a443f2\" data-element_type=\"column\">\n\t\t\t<div class=\"elementor-widget-wrap elementor-element-populated\">\n\t\t\t\t\t\t<div class=\"elementor-element elementor-element-95e4f9e elementor-widget elementor-widget-image\" data-id=\"95e4f9e\" data-element_type=\"widget\" data-widget_type=\"image.default\">\n\t\t\t\t<div class=\"elementor-widget-container\">\n\t\t\t\t\t\t\t\t\t\t\t\t\t\t\t<img fetchpriority=\"high\" decoding=\"async\" width=\"424\" height=\"283\" src=\"https:\/\/www.mbpapers.com\/wp-content\/uploads\/2022\/11\/taylor-made-products-mb.jpg\" class=\"attachment-large size-large wp-image-7691\" alt=\"\" srcset=\"https:\/\/www.mbpapers.com\/wp-content\/uploads\/2022\/11\/taylor-made-products-mb.jpg 424w, https:\/\/www.mbpapers.com\/wp-content\/uploads\/2022\/11\/taylor-made-products-mb-300x200.jpg 300w, https:\/\/www.mbpapers.com\/wp-content\/uploads\/2022\/11\/taylor-made-products-mb-150x100.jpg 150w\" sizes=\"100vw\" \/>\t\t\t\t\t\t\t\t\t\t\t\t\t\t\t<\/div>\n\t\t\t\t<\/div>\n\t\t\t\t\t<\/div>\n\t\t<\/div>\n\t\t\t\t\t<\/div>\n\t\t<\/section>\n\t\t\t\t<section class=\"elementor-section elementor-top-section elementor-element elementor-element-b81368e elementor-section-boxed elementor-section-height-default elementor-section-height-default\" data-id=\"b81368e\" data-element_type=\"section\">\n\t\t\t\t\t\t<div class=\"elementor-container elementor-column-gap-default\">\n\t\t\t\t\t<div class=\"elementor-column elementor-col-33 elementor-top-column elementor-element elementor-element-90e3b64\" data-id=\"90e3b64\" data-element_type=\"column\">\n\t\t\t<div class=\"elementor-widget-wrap elementor-element-populated\">\n\t\t\t\t\t\t<div class=\"elementor-element elementor-element-c87dfdc elementor-widget elementor-widget-heading\" data-id=\"c87dfdc\" data-element_type=\"widget\" data-widget_type=\"heading.default\">\n\t\t\t\t<div class=\"elementor-widget-container\">\n\t\t\t\t\t<h2 class=\"elementor-heading-title elementor-size-default\">Our projects<\/h2>\t\t\t\t<\/div>\n\t\t\t\t<\/div>\n\t\t\t\t\t<\/div>\n\t\t<\/div>\n\t\t\t\t<div class=\"elementor-column elementor-col-33 elementor-top-column elementor-element elementor-element-eaeb1e1\" data-id=\"eaeb1e1\" data-element_type=\"column\">\n\t\t\t<div class=\"elementor-widget-wrap\">\n\t\t\t\t\t\t\t<\/div>\n\t\t<\/div>\n\t\t\t\t<div class=\"elementor-column elementor-col-33 elementor-top-column elementor-element elementor-element-9e8b9f7\" data-id=\"9e8b9f7\" data-element_type=\"column\">\n\t\t\t<div class=\"elementor-widget-wrap\">\n\t\t\t\t\t\t\t<\/div>\n\t\t<\/div>\n\t\t\t\t\t<\/div>\n\t\t<\/section>\n\t\t\t\t<section class=\"elementor-section elementor-top-section elementor-element elementor-element-75937fb elementor-section-boxed elementor-section-height-default elementor-section-height-default\" data-id=\"75937fb\" data-element_type=\"section\">\n\t\t\t\t\t\t<div class=\"elementor-container elementor-column-gap-default\">\n\t\t\t\t\t<div class=\"elementor-column elementor-col-100 elementor-top-column elementor-element elementor-element-e89325c\" data-id=\"e89325c\" data-element_type=\"column\">\n\t\t\t<div class=\"elementor-widget-wrap elementor-element-populated\">\n\t\t\t\t\t\t<div class=\"elementor-element elementor-element-90e4c57 elementor-widget elementor-widget-text-editor\" data-id=\"90e4c57\" data-element_type=\"widget\" data-widget_type=\"text-editor.default\">\n\t\t\t\t<div class=\"elementor-widget-container\">\n\t\t\t\t\t\t\t\t\t<p>Our projects are based on in-depth understanding of customers needs, providing solutions that add value to their business. Research shows that the best sources of growth start with new customer insights. Therefore we work closely with clients supporting them with technical services and tailor-made products.<\/p><p>\u00a0<\/p><p><strong>Our Keys for Tailor-Made products:<\/strong><\/p><ul><li><p>Light weight<\/p><\/li><li><p>High porosity<\/p><\/li><li><p>Voluminous paper<\/p><\/li><li><p>Superficial properties<\/p><\/li><li><p>Own slitting plant (special customer requirements)<\/p><\/li><\/ul>\t\t\t\t\t\t\t\t<\/div>\n\t\t\t\t<\/div>\n\t\t\t\t\t<\/div>\n\t\t<\/div>\n\t\t\t\t\t<\/div>\n\t\t<\/section>\n\t\t\t\t<\/div>\n\t\t","protected":false},"excerpt":{"rendered":"<p>El mejor papel, que permita liberar el sabor y el aroma de la mayor\u00eda de t\u00e9s, comunes y ex\u00f3ticos, pero que retenga todas las part\u00edculas de t\u00e9 dentro de la bolsa.<\/p>\n","protected":false},"featured_media":7692,"template":"","product_cat":[93],"class_list":["post-8172","product","type-product","status-publish","has-post-thumbnail","hentry","product_cat-food-and-beverages"],"acf":[],"_links":{"self":[{"href":"https:\/\/www.mbpapers.com\/en\/wp-json\/wp\/v2\/product\/8172","targetHints":{"allow":["GET"]}}],"collection":[{"href":"https:\/\/www.mbpapers.com\/en\/wp-json\/wp\/v2\/product"}],"about":[{"href":"https:\/\/www.mbpapers.com\/en\/wp-json\/wp\/v2\/types\/product"}],"version-history":[{"count":3,"href":"https:\/\/www.mbpapers.com\/en\/wp-json\/wp\/v2\/product\/8172\/revisions"}],"predecessor-version":[{"id":8176,"href":"https:\/\/www.mbpapers.com\/en\/wp-json\/wp\/v2\/product\/8172\/revisions\/8176"}],"wp:featuredmedia":[{"embeddable":true,"href":"https:\/\/www.mbpapers.com\/en\/wp-json\/wp\/v2\/media\/7692"}],"wp:attachment":[{"href":"https:\/\/www.mbpapers.com\/en\/wp-json\/wp\/v2\/media?parent=8172"}],"wp:term":[{"taxonomy":"product_cat","embeddable":true,"href":"https:\/\/www.mbpapers.com\/en\/wp-json\/wp\/v2\/product_cat?post=8172"}],"curies":[{"name":"wp","href":"https:\/\/api.w.org\/{rel}","templated":true}]}}